{"id":822,"date":"2023-04-22T16:14:19","date_gmt":"2023-04-22T16:14:19","guid":{"rendered":"https:\/\/agroterraven.com\/?page_id=822"},"modified":"2023-06-03T17:31:53","modified_gmt":"2023-06-03T21:31:53","slug":"catalogo","status":"publish","type":"page","link":"https:\/\/agroterraven.com\/index.php\/catalogo\/","title":{"rendered":"Cat\u00e1logo"},"content":{"rendered":"\t\t<div data-elementor-type=\"wp-page\" data-elementor-id=\"822\" class=\"elementor elementor-822\">\n\t\t\t\t\t\t<section class=\"elementor-section elementor-top-section elementor-element elementor-element-8a4e1dd elementor-section-height-min-height elementor-section-content-middle elementor-section-boxed elementor-section-height-default elementor-section-items-middle\" data-id=\"8a4e1dd\" data-element_type=\"section\" data-e-type=\"section\" data-settings=\"{&quot;background_background&quot;:&quot;classic&quot;}\">\n\t\t\t\t\t\t\t<div class=\"elementor-background-overlay\"><\/div>\n\t\t\t\t\t\t\t<div class=\"elementor-container elementor-column-gap-no\">\n\t\t\t\t\t<div class=\"elementor-column elementor-col-50 elementor-top-column elementor-element elementor-element-6352733\" data-id=\"6352733\" data-element_type=\"column\" data-e-type=\"column\">\n\t\t\t<div class=\"elementor-widget-wrap elementor-element-populated\">\n\t\t\t\t\t\t<div class=\"elementor-element elementor-element-52e7457 elementor-widget elementor-widget-heading\" data-id=\"52e7457\" data-element_type=\"widget\" data-e-type=\"widget\" data-widget_type=\"heading.default\">\n\t\t\t\t<div class=\"elementor-widget-container\">\n\t\t\t\t\t<h5 class=\"elementor-heading-title elementor-size-default\"><i>Conoce en detalle las caracter\u00edsticas de cada uno de nuestros productos<\/i><\/h5>\t\t\t\t<\/div>\n\t\t\t\t<\/div>\n\t\t\t\t<div class=\"elementor-element elementor-element-9c70415 elementor-widget-divider--view-line elementor-widget elementor-widget-divider\" data-id=\"9c70415\" data-element_type=\"widget\" data-e-type=\"widget\" data-widget_type=\"divider.default\">\n\t\t\t\t<div class=\"elementor-widget-container\">\n\t\t\t\t\t\t\t<div class=\"elementor-divider\">\n\t\t\t<span class=\"elementor-divider-separator\">\n\t\t\t\t\t\t<\/span>\n\t\t<\/div>\n\t\t\t\t\t\t<\/div>\n\t\t\t\t<\/div>\n\t\t\t\t<div class=\"elementor-element elementor-element-099f4b8 elementor-widget elementor-widget-heading\" data-id=\"099f4b8\" data-element_type=\"widget\" data-e-type=\"widget\" data-widget_type=\"heading.default\">\n\t\t\t\t<div class=\"elementor-widget-container\">\n\t\t\t\t\t<h2 class=\"elementor-heading-title elementor-size-default\">Descarga nuestro Cat\u00e1logo de Abonos  Org\u00e1nicos para Altos Rendimientos<\/h2>\t\t\t\t<\/div>\n\t\t\t\t<\/div>\n\t\t\t\t<div class=\"elementor-element elementor-element-bf32265 elementor-align-end elementor-widget__width-initial elementor-fixed elementor-icon-list--layout-traditional elementor-list-item-link-full_width elementor-widget elementor-widget-icon-list\" data-id=\"bf32265\" data-element_type=\"widget\" data-e-type=\"widget\" data-settings=\"{&quot;_position&quot;:&quot;fixed&quot;}\" data-widget_type=\"icon-list.default\">\n\t\t\t\t<div class=\"elementor-widget-container\">\n\t\t\t\t\t\t\t<ul class=\"elementor-icon-list-items\">\n\t\t\t\t\t\t\t<li class=\"elementor-icon-list-item\">\n\t\t\t\t\t\t\t\t\t\t\t<a href=\"https:\/\/www.facebook.com\/agroterraven\" target=\"_blank\">\n\n\t\t\t\t\t\t\t\t\t\t\t\t<span class=\"elementor-icon-list-icon\">\n\t\t\t\t\t\t\t<i aria-hidden=\"true\" class=\"fab fa-facebook\"><\/i>\t\t\t\t\t\t<\/span>\n\t\t\t\t\t\t\t\t\t\t<span class=\"elementor-icon-list-text\"><\/span>\n\t\t\t\t\t\t\t\t\t\t\t<\/a>\n\t\t\t\t\t\t\t\t\t<\/li>\n\t\t\t\t\t\t\t\t<li class=\"elementor-icon-list-item\">\n\t\t\t\t\t\t\t\t\t\t\t<a href=\"https:\/\/www.instagram.com\/agroterraven\" target=\"_blank\">\n\n\t\t\t\t\t\t\t\t\t\t\t\t<span class=\"elementor-icon-list-icon\">\n\t\t\t\t\t\t\t<i aria-hidden=\"true\" class=\"fab fa-instagram\"><\/i>\t\t\t\t\t\t<\/span>\n\t\t\t\t\t\t\t\t\t\t<span class=\"elementor-icon-list-text\"><\/span>\n\t\t\t\t\t\t\t\t\t\t\t<\/a>\n\t\t\t\t\t\t\t\t\t<\/li>\n\t\t\t\t\t\t\t\t<li class=\"elementor-icon-list-item\">\n\t\t\t\t\t\t\t\t\t\t\t<a href=\"https:\/\/wa.me\/584166504193\" target=\"_blank\">\n\n\t\t\t\t\t\t\t\t\t\t\t\t<span class=\"elementor-icon-list-icon\">\n\t\t\t\t\t\t\t<i aria-hidden=\"true\" class=\"fab fa-whatsapp\"><\/i>\t\t\t\t\t\t<\/span>\n\t\t\t\t\t\t\t\t\t\t<span class=\"elementor-icon-list-text\"><\/span>\n\t\t\t\t\t\t\t\t\t\t\t<\/a>\n\t\t\t\t\t\t\t\t\t<\/li>\n\t\t\t\t\t\t\t\t<li class=\"elementor-icon-list-item\">\n\t\t\t\t\t\t\t\t\t\t\t<a href=\"mailto:agroterraven@gmail.com\" target=\"_blank\">\n\n\t\t\t\t\t\t\t\t\t\t\t\t<span class=\"elementor-icon-list-icon\">\n\t\t\t\t\t\t\t<i aria-hidden=\"true\" class=\"far fa-envelope\"><\/i>\t\t\t\t\t\t<\/span>\n\t\t\t\t\t\t\t\t\t\t<span class=\"elementor-icon-list-text\"><\/span>\n\t\t\t\t\t\t\t\t\t\t\t<\/a>\n\t\t\t\t\t\t\t\t\t<\/li>\n\t\t\t\t\t\t<\/ul>\n\t\t\t\t\t\t<\/div>\n\t\t\t\t<\/div>\n\t\t\t\t\t<\/div>\n\t\t<\/div>\n\t\t\t\t<div class=\"elementor-column elementor-col-50 elementor-top-column elementor-element elementor-element-80b3946\" data-id=\"80b3946\" data-element_type=\"column\" data-e-type=\"column\">\n\t\t\t<div class=\"elementor-widget-wrap elementor-element-populated\">\n\t\t\t\t\t\t<div class=\"elementor-element elementor-element-a428d18 elementor-align-center elementor-widget elementor-widget-button\" data-id=\"a428d18\" data-element_type=\"widget\" data-e-type=\"widget\" data-widget_type=\"button.default\">\n\t\t\t\t<div class=\"elementor-widget-container\">\n\t\t\t\t\t\t\t\t\t<div class=\"elementor-button-wrapper\">\n\t\t\t\t\t<a class=\"elementor-button elementor-button-link elementor-size-sm\" href=\"https:\/\/agroterraven.com\/wp-content\/uploads\/2023\/05\/Catalogo-Digital-Agroterra.pdf\">\n\t\t\t\t\t\t<span class=\"elementor-button-content-wrapper\">\n\t\t\t\t\t\t<span class=\"elementor-button-icon\">\n\t\t\t\t<i aria-hidden=\"true\" class=\"fas fa-caret-right\"><\/i>\t\t\t<\/span>\n\t\t\t\t\t\t\t\t\t<span class=\"elementor-button-text\">Descarga haciendo Click<\/span>\n\t\t\t\t\t<\/span>\n\t\t\t\t\t<\/a>\n\t\t\t\t<\/div>\n\t\t\t\t\t\t\t\t<\/div>\n\t\t\t\t<\/div>\n\t\t\t\t\t<\/div>\n\t\t<\/div>\n\t\t\t\t\t<\/div>\n\t\t<\/section>\n\t\t\t\t<section class=\"elementor-section elementor-top-section elementor-element elementor-element-a736fcf elementor-section-boxed elementor-section-height-default elementor-section-height-default\" data-id=\"a736fcf\" data-element_type=\"section\" data-e-type=\"section\">\n\t\t\t\t\t\t<div class=\"elementor-container elementor-column-gap-default\">\n\t\t\t\t\t<div class=\"elementor-column elementor-col-25 elementor-top-column elementor-element elementor-element-494ea26\" data-id=\"494ea26\" data-element_type=\"column\" data-e-type=\"column\">\n\t\t\t<div class=\"elementor-widget-wrap\">\n\t\t\t\t\t\t\t<\/div>\n\t\t<\/div>\n\t\t\t\t<div class=\"elementor-column elementor-col-25 elementor-top-column elementor-element elementor-element-51d6487\" data-id=\"51d6487\" data-element_type=\"column\" data-e-type=\"column\">\n\t\t\t<div class=\"elementor-widget-wrap elementor-element-populated\">\n\t\t\t\t\t\t<div class=\"elementor-element elementor-element-7c90dc6 elementor-widget elementor-widget-image\" data-id=\"7c90dc6\" data-element_type=\"widget\" data-e-type=\"widget\" data-widget_type=\"image.default\">\n\t\t\t\t<div class=\"elementor-widget-container\">\n\t\t\t\t\t\t\t\t\t\t\t\t\t\t\t<img fetchpriority=\"high\" decoding=\"async\" width=\"947\" height=\"1024\" src=\"https:\/\/agroterraven.com\/wp-content\/uploads\/2023\/05\/check-check-list-hook-1769866.png\" class=\"attachment-large size-large wp-image-942\" alt=\"Abonos org\u00e1nicos, Fertilizantes Org\u00e1nicos, Fertlizantes Ecol\u00f3gicos, Agricultura Sostenible\" \/>\t\t\t\t\t\t\t\t\t\t\t\t\t\t\t<\/div>\n\t\t\t\t<\/div>\n\t\t\t\t\t<\/div>\n\t\t<\/div>\n\t\t\t\t<div class=\"elementor-column elementor-col-25 elementor-top-column elementor-element elementor-element-af5fbc3\" data-id=\"af5fbc3\" data-element_type=\"column\" data-e-type=\"column\">\n\t\t\t<div class=\"elementor-widget-wrap elementor-element-populated\">\n\t\t\t\t\t\t<div class=\"elementor-element elementor-element-38b5c6d elementor-widget elementor-widget-text-editor\" data-id=\"38b5c6d\" data-element_type=\"widget\" data-e-type=\"widget\" data-widget_type=\"text-editor.default\">\n\t\t\t\t<div class=\"elementor-widget-container\">\n\t\t\t\t\t\t\t\t\t<p>Si ya tienes nuestro Cat\u00e1logo de Productos y tienes alg\u00fana duda o requerimiento adicional, por favor env\u00edanos un mensaje para atender tu requerimiento.<\/p><p>Cont\u00e1ctanos a trav\u00e9s de nuestros Formulario de Contacto o a trav\u00e9s de cualquiera de los canales de comunicaci\u00f3n disponibles.<\/p>\t\t\t\t\t\t\t\t<\/div>\n\t\t\t\t<\/div>\n\t\t\t\t\t<\/div>\n\t\t<\/div>\n\t\t\t\t<div class=\"elementor-column elementor-col-25 elementor-top-column elementor-element elementor-element-c54b55f\" data-id=\"c54b55f\" data-element_type=\"column\" data-e-type=\"column\">\n\t\t\t<div class=\"elementor-widget-wrap\">\n\t\t\t\t\t\t\t<\/div>\n\t\t<\/div>\n\t\t\t\t\t<\/div>\n\t\t<\/section>\n\t\t\t\t<\/div>\n\t\t","protected":false},"excerpt":{"rendered":"<p>Conoce en detalle las caracter\u00edsticas de cada uno de nuestros productos Descarga nuestro Cat\u00e1logo de Abonos Org\u00e1nicos para Altos Rendimientos Descarga haciendo Click Si ya tienes nuestro Cat\u00e1logo de Productos y tienes alg\u00fana duda o requerimiento adicional, por favor env\u00edanos un mensaje para atender tu requerimiento. Cont\u00e1ctanos a trav\u00e9s de nuestros Formulario de Contacto o &hellip;<\/p>\n<p class=\"read-more\"> <a class=\"\" href=\"https:\/\/agroterraven.com\/index.php\/catalogo\/\"> <span class=\"screen-reader-text\">Cat\u00e1logo<\/span> Leer m\u00e1s &raquo;<\/a><\/p>\n","protected":false},"author":1,"featured_media":0,"parent":0,"menu_order":0,"comment_status":"closed","ping_status":"closed","template":"","meta":{"site-sidebar-layout":"no-sidebar","site-content-layout":"page-builder","ast-global-header-display":"","ast-banner-title-visibility":"","ast-main-header-display":"","ast-hfb-above-header-display":"","ast-hfb-below-header-display":"","ast-hfb-mobile-header-display":"","site-post-title":"disabled","ast-breadcrumbs-content":"","ast-featured-img":"disabled","footer-sml-layout":"","theme-transparent-header-meta":"","adv-header-id-meta":"","stick-header-meta":"","header-above-stick-meta":"","header-main-stick-meta":"","header-below-stick-meta":"","footnotes":""},"class_list":["post-822","page","type-page","status-publish","hentry"],"yoast_head":"<!-- This site is optimized with the Yoast SEO plugin v27.5 - https:\/\/yoast.com\/product\/yoast-seo-wordpress\/ -->\n<title>Cat\u00e1logo - Agroterra Venezuela, C.A.<\/title>\n<meta name=\"description\" content=\"Cat\u00e1logo de Productos de Agroterra Venezuela, Fabricante de abonos org\u00e1nicos de leonardita para cultivos extensivos y de invernadero en Lara\" \/>\n<meta name=\"robots\" content=\"index, follow, max-snippet:-1, max-image-preview:large, max-video-preview:-1\" \/>\n<link rel=\"canonical\" href=\"https:\/\/agroterraven.com\/index.php\/catalogo\/\" \/>\n<meta property=\"og:locale\" content=\"es_ES\" \/>\n<meta property=\"og:type\" content=\"article\" \/>\n<meta property=\"og:title\" content=\"Cat\u00e1logo - Agroterra Venezuela, C.A.\" \/>\n<meta property=\"og:description\" content=\"Cat\u00e1logo de Productos de Agroterra Venezuela, Fabricante de abonos org\u00e1nicos de leonardita para cultivos extensivos y de invernadero en Lara\" \/>\n<meta property=\"og:url\" content=\"https:\/\/agroterraven.com\/index.php\/catalogo\/\" \/>\n<meta property=\"og:site_name\" content=\"Agroterra Venezuela, C.A.\" \/>\n<meta property=\"article:publisher\" content=\"https:\/\/www.facebook.com\/agroterraven\" \/>\n<meta property=\"article:modified_time\" content=\"2023-06-03T21:31:53+00:00\" \/>\n<meta property=\"og:image\" content=\"https:\/\/agroterraven.com\/wp-content\/uploads\/2023\/05\/check-check-list-hook-1769866.png\" \/>\n<meta name=\"twitter:card\" content=\"summary_large_image\" \/>\n<meta name=\"twitter:label1\" content=\"Tiempo de lectura\" \/>\n\t<meta name=\"twitter:data1\" content=\"1 minuto\" \/>\n<script type=\"application\/ld+json\" class=\"yoast-schema-graph\">{\"@context\":\"https:\\\/\\\/schema.org\",\"@graph\":[{\"@type\":\"WebPage\",\"@id\":\"https:\\\/\\\/agroterraven.com\\\/index.php\\\/catalogo\\\/\",\"url\":\"https:\\\/\\\/agroterraven.com\\\/index.php\\\/catalogo\\\/\",\"name\":\"Cat\u00e1logo - Agroterra Venezuela, C.A.\",\"isPartOf\":{\"@id\":\"https:\\\/\\\/agroterraven.com\\\/#website\"},\"primaryImageOfPage\":{\"@id\":\"https:\\\/\\\/agroterraven.com\\\/index.php\\\/catalogo\\\/#primaryimage\"},\"image\":{\"@id\":\"https:\\\/\\\/agroterraven.com\\\/index.php\\\/catalogo\\\/#primaryimage\"},\"thumbnailUrl\":\"https:\\\/\\\/agroterraven.com\\\/wp-content\\\/uploads\\\/2023\\\/05\\\/check-check-list-hook-1769866.png\",\"datePublished\":\"2023-04-22T16:14:19+00:00\",\"dateModified\":\"2023-06-03T21:31:53+00:00\",\"description\":\"Cat\u00e1logo de Productos de Agroterra Venezuela, Fabricante de abonos org\u00e1nicos de leonardita para cultivos extensivos y de invernadero en Lara\",\"breadcrumb\":{\"@id\":\"https:\\\/\\\/agroterraven.com\\\/index.php\\\/catalogo\\\/#breadcrumb\"},\"inLanguage\":\"es\",\"potentialAction\":[{\"@type\":\"ReadAction\",\"target\":[\"https:\\\/\\\/agroterraven.com\\\/index.php\\\/catalogo\\\/\"]}]},{\"@type\":\"ImageObject\",\"inLanguage\":\"es\",\"@id\":\"https:\\\/\\\/agroterraven.com\\\/index.php\\\/catalogo\\\/#primaryimage\",\"url\":\"https:\\\/\\\/agroterraven.com\\\/wp-content\\\/uploads\\\/2023\\\/05\\\/check-check-list-hook-1769866.png\",\"contentUrl\":\"https:\\\/\\\/agroterraven.com\\\/wp-content\\\/uploads\\\/2023\\\/05\\\/check-check-list-hook-1769866.png\",\"width\":1184,\"height\":1280,\"caption\":\"Abonos org\u00e1nicos, Fertilizantes Org\u00e1nicos, Fertlizantes Ecol\u00f3gicos, Agricultura Sostenible\"},{\"@type\":\"BreadcrumbList\",\"@id\":\"https:\\\/\\\/agroterraven.com\\\/index.php\\\/catalogo\\\/#breadcrumb\",\"itemListElement\":[{\"@type\":\"ListItem\",\"position\":1,\"name\":\"Portada\",\"item\":\"https:\\\/\\\/agroterraven.com\\\/\"},{\"@type\":\"ListItem\",\"position\":2,\"name\":\"Cat\u00e1logo\"}]},{\"@type\":\"WebSite\",\"@id\":\"https:\\\/\\\/agroterraven.com\\\/#website\",\"url\":\"https:\\\/\\\/agroterraven.com\\\/\",\"name\":\"Agroterra Venezuela, C.A.\",\"description\":\"Abonos Org\u00e1nicos a base de Leonardita para altos rendimientos\",\"publisher\":{\"@id\":\"https:\\\/\\\/agroterraven.com\\\/#organization\"},\"potentialAction\":[{\"@type\":\"SearchAction\",\"target\":{\"@type\":\"EntryPoint\",\"urlTemplate\":\"https:\\\/\\\/agroterraven.com\\\/?s={search_term_string}\"},\"query-input\":{\"@type\":\"PropertyValueSpecification\",\"valueRequired\":true,\"valueName\":\"search_term_string\"}}],\"inLanguage\":\"es\"},{\"@type\":\"Organization\",\"@id\":\"https:\\\/\\\/agroterraven.com\\\/#organization\",\"name\":\"Agroterra Venezuela, C.A.\",\"alternateName\":\"Agroterra Venezuela\",\"url\":\"https:\\\/\\\/agroterraven.com\\\/\",\"logo\":{\"@type\":\"ImageObject\",\"inLanguage\":\"es\",\"@id\":\"https:\\\/\\\/agroterraven.com\\\/#\\\/schema\\\/logo\\\/image\\\/\",\"url\":\"https:\\\/\\\/agroterraven.com\\\/wp-content\\\/uploads\\\/2023\\\/05\\\/Logo-AgroTerra.png\",\"contentUrl\":\"https:\\\/\\\/agroterraven.com\\\/wp-content\\\/uploads\\\/2023\\\/05\\\/Logo-AgroTerra.png\",\"width\":2738,\"height\":764,\"caption\":\"Agroterra Venezuela, C.A.\"},\"image\":{\"@id\":\"https:\\\/\\\/agroterraven.com\\\/#\\\/schema\\\/logo\\\/image\\\/\"},\"sameAs\":[\"https:\\\/\\\/www.facebook.com\\\/agroterraven\",\"https:\\\/\\\/www.instagram.com\\\/agroterraven\"]}]}<\/script>\n<!-- \/ Yoast SEO plugin. -->","yoast_head_json":{"title":"Cat\u00e1logo - Agroterra Venezuela, C.A.","description":"Cat\u00e1logo de Productos de Agroterra Venezuela, Fabricante de abonos org\u00e1nicos de leonardita para cultivos extensivos y de invernadero en Lara","robots":{"index":"index","follow":"follow","max-snippet":"max-snippet:-1","max-image-preview":"max-image-preview:large","max-video-preview":"max-video-preview:-1"},"canonical":"https:\/\/agroterraven.com\/index.php\/catalogo\/","og_locale":"es_ES","og_type":"article","og_title":"Cat\u00e1logo - Agroterra Venezuela, C.A.","og_description":"Cat\u00e1logo de Productos de Agroterra Venezuela, Fabricante de abonos org\u00e1nicos de leonardita para cultivos extensivos y de invernadero en Lara","og_url":"https:\/\/agroterraven.com\/index.php\/catalogo\/","og_site_name":"Agroterra Venezuela, C.A.","article_publisher":"https:\/\/www.facebook.com\/agroterraven","article_modified_time":"2023-06-03T21:31:53+00:00","og_image":[{"url":"https:\/\/agroterraven.com\/wp-content\/uploads\/2023\/05\/check-check-list-hook-1769866.png","type":"","width":"","height":""}],"twitter_card":"summary_large_image","twitter_misc":{"Tiempo de lectura":"1 minuto"},"schema":{"@context":"https:\/\/schema.org","@graph":[{"@type":"WebPage","@id":"https:\/\/agroterraven.com\/index.php\/catalogo\/","url":"https:\/\/agroterraven.com\/index.php\/catalogo\/","name":"Cat\u00e1logo - Agroterra Venezuela, C.A.","isPartOf":{"@id":"https:\/\/agroterraven.com\/#website"},"primaryImageOfPage":{"@id":"https:\/\/agroterraven.com\/index.php\/catalogo\/#primaryimage"},"image":{"@id":"https:\/\/agroterraven.com\/index.php\/catalogo\/#primaryimage"},"thumbnailUrl":"https:\/\/agroterraven.com\/wp-content\/uploads\/2023\/05\/check-check-list-hook-1769866.png","datePublished":"2023-04-22T16:14:19+00:00","dateModified":"2023-06-03T21:31:53+00:00","description":"Cat\u00e1logo de Productos de Agroterra Venezuela, Fabricante de abonos org\u00e1nicos de leonardita para cultivos extensivos y de invernadero en Lara","breadcrumb":{"@id":"https:\/\/agroterraven.com\/index.php\/catalogo\/#breadcrumb"},"inLanguage":"es","potentialAction":[{"@type":"ReadAction","target":["https:\/\/agroterraven.com\/index.php\/catalogo\/"]}]},{"@type":"ImageObject","inLanguage":"es","@id":"https:\/\/agroterraven.com\/index.php\/catalogo\/#primaryimage","url":"https:\/\/agroterraven.com\/wp-content\/uploads\/2023\/05\/check-check-list-hook-1769866.png","contentUrl":"https:\/\/agroterraven.com\/wp-content\/uploads\/2023\/05\/check-check-list-hook-1769866.png","width":1184,"height":1280,"caption":"Abonos org\u00e1nicos, Fertilizantes Org\u00e1nicos, Fertlizantes Ecol\u00f3gicos, Agricultura Sostenible"},{"@type":"BreadcrumbList","@id":"https:\/\/agroterraven.com\/index.php\/catalogo\/#breadcrumb","itemListElement":[{"@type":"ListItem","position":1,"name":"Portada","item":"https:\/\/agroterraven.com\/"},{"@type":"ListItem","position":2,"name":"Cat\u00e1logo"}]},{"@type":"WebSite","@id":"https:\/\/agroterraven.com\/#website","url":"https:\/\/agroterraven.com\/","name":"Agroterra Venezuela, C.A.","description":"Abonos Org\u00e1nicos a base de Leonardita para altos rendimientos","publisher":{"@id":"https:\/\/agroterraven.com\/#organization"},"potentialAction":[{"@type":"SearchAction","target":{"@type":"EntryPoint","urlTemplate":"https:\/\/agroterraven.com\/?s={search_term_string}"},"query-input":{"@type":"PropertyValueSpecification","valueRequired":true,"valueName":"search_term_string"}}],"inLanguage":"es"},{"@type":"Organization","@id":"https:\/\/agroterraven.com\/#organization","name":"Agroterra Venezuela, C.A.","alternateName":"Agroterra Venezuela","url":"https:\/\/agroterraven.com\/","logo":{"@type":"ImageObject","inLanguage":"es","@id":"https:\/\/agroterraven.com\/#\/schema\/logo\/image\/","url":"https:\/\/agroterraven.com\/wp-content\/uploads\/2023\/05\/Logo-AgroTerra.png","contentUrl":"https:\/\/agroterraven.com\/wp-content\/uploads\/2023\/05\/Logo-AgroTerra.png","width":2738,"height":764,"caption":"Agroterra Venezuela, C.A."},"image":{"@id":"https:\/\/agroterraven.com\/#\/schema\/logo\/image\/"},"sameAs":["https:\/\/www.facebook.com\/agroterraven","https:\/\/www.instagram.com\/agroterraven"]}]}},"_links":{"self":[{"href":"https:\/\/agroterraven.com\/index.php\/wp-json\/wp\/v2\/pages\/822","targetHints":{"allow":["GET"]}}],"collection":[{"href":"https:\/\/agroterraven.com\/index.php\/wp-json\/wp\/v2\/pages"}],"about":[{"href":"https:\/\/agroterraven.com\/index.php\/wp-json\/wp\/v2\/types\/page"}],"author":[{"embeddable":true,"href":"https:\/\/agroterraven.com\/index.php\/wp-json\/wp\/v2\/users\/1"}],"replies":[{"embeddable":true,"href":"https:\/\/agroterraven.com\/index.php\/wp-json\/wp\/v2\/comments?post=822"}],"version-history":[{"count":44,"href":"https:\/\/agroterraven.com\/index.php\/wp-json\/wp\/v2\/pages\/822\/revisions"}],"predecessor-version":[{"id":1845,"href":"https:\/\/agroterraven.com\/index.php\/wp-json\/wp\/v2\/pages\/822\/revisions\/1845"}],"wp:attachment":[{"href":"https:\/\/agroterraven.com\/index.php\/wp-json\/wp\/v2\/media?parent=822"}],"curies":[{"name":"wp","href":"https:\/\/api.w.org\/{rel}","templated":true}]}}